{"id":2,"date":"2019-12-10T03:48:00","date_gmt":"2019-12-10T03:48:00","guid":{"rendered":"http:\/\/europaschulen-sh.de\/?page_id=2"},"modified":"2020-03-11T20:57:31","modified_gmt":"2020-03-11T19:57:31","slug":"sample-page","status":"publish","type":"page","link":"https:\/\/europaschulen-sh.de\/","title":{"rendered":"Startseite"},"content":{"rendered":"\n<h2 class=\"wp-block-heading\">Verein Europaschulen in SH<\/h2>\n\n\n<p>&#8222;Der Verein dient der F\u00f6rderung von Bildung und Entwicklung eines europ\u00e4ischen Verst\u00e4ndnisses, der F\u00f6rderung der internationalen Gesinnung und der Toleranz auf allen Gebieten der Kultur und des V\u00f6lkerverst\u00e4ndigungsgedankens.&#8220;<\/p>\n<p><\/p>","protected":false},"excerpt":{"rendered":"<p>sddfsdf<\/p>\n","protected":false},"author":1,"featured_media":0,"parent":0,"menu_order":0,"comment_status":"closed","ping_status":"open","template":"","meta":{"_mc_calendar":[],"footnotes":""},"class_list":["post-2","page","type-page","status-publish","hentry"],"_links":{"self":[{"href":"https:\/\/europaschulen-sh.de\/wp-json\/wp\/v2\/pages\/2","targetHints":{"allow":["GET"]}}],"collection":[{"href":"https:\/\/europaschulen-sh.de\/wp-json\/wp\/v2\/pages"}],"about":[{"href":"https:\/\/europaschulen-sh.de\/wp-json\/wp\/v2\/types\/page"}],"author":[{"embeddable":true,"href":"https:\/\/europaschulen-sh.de\/wp-json\/wp\/v2\/users\/1"}],"replies":[{"embeddable":true,"href":"https:\/\/europaschulen-sh.de\/wp-json\/wp\/v2\/comments?post=2"}],"version-history":[{"count":10,"href":"https:\/\/europaschulen-sh.de\/wp-json\/wp\/v2\/pages\/2\/revisions"}],"predecessor-version":[{"id":613,"href":"https:\/\/europaschulen-sh.de\/wp-json\/wp\/v2\/pages\/2\/revisions\/613"}],"wp:attachment":[{"href":"https:\/\/europaschulen-sh.de\/wp-json\/wp\/v2\/media?parent=2"}],"curies":[{"name":"wp","href":"https:\/\/api.w.org\/{rel}","templated":true}]}}